{"id":4489,"date":"2023-09-12T18:04:32","date_gmt":"2023-09-12T16:04:32","guid":{"rendered":"https:\/\/150elements.mnactec.cat\/?page_id=4489"},"modified":"2023-09-19T08:33:55","modified_gmt":"2023-09-19T06:33:55","slug":"accesibilidad","status":"publish","type":"page","link":"https:\/\/150elements.mnactec.cat\/es\/accesibilidad\/","title":{"rendered":"Declaraci\u00f3n de accesibilidad"},"content":{"rendered":"<h2>Declaraci\u00f3n de accesibilidad<\/h2>\n<div>\n<p>El Museu Nacional de la Ci\u00e8ncia i de la T\u00e8cnica de Catalunya (MNACTEC) se ha comprometido a hacer accesibles sus sitios web de conformidad con el Real Decreto 1112\/2018, de 7 de septiembre, sobre accesibilidad de los sitios web y aplicaciones para dispositivos m\u00f3viles del sector p\u00fablico (en adelante, Real Decreto 1112\/2018, de 7 de septiembre).<\/p>\n<p>La presente declaraci\u00f3n de accesibilidad se aplica al sitio web <a href=\"https:\/\/150elements.mnactec.cat\/\">150elements.mnactec.cat<\/a><\/p>\n<p><span>Los subdominios de este sitio web tendr\u00e1n sus propias declaraciones de accesibilidad.<\/span><\/p>\n<h3>Situaci\u00f3n de coumplimiento<\/h3>\n<p><span>Este sitio web es parcialmente conforme\u00a0con el Real Decreto 1112\/2018, de 7 de septiembre a causa de las excepciones y la carencia de conformidad de los aspectos que se indican a continuaci\u00f3n.<\/span><\/p>\n<h3>Contenido no accesible<\/h3>\n<p><span>El contenido que se recoge a continuaci\u00f3n no es accesible por los siguientes motivos:<\/span><\/p>\n<ul>\n<li><strong>Falta de conformidad con el Real Decreto 1112\/2018, de 7 de septiembre:<\/strong>\n<ul>\n<li>Texto alternativo: falta incluir texto alternativo en las im\u00e1genes, a parte del texto descriptivo.\u00a0<\/li>\n<\/ul>\n<\/li>\n<\/ul>\n<h3>Preparaci\u00f3n de la presente declaraci\u00f3n de accessibilidad<\/h3>\n<p>La presentr declaraci\u00f3 se prepar\u00f3 el 8 de septiembre del 2023.<\/p>\n<p><span>El m\u00e9todo utilizado para preparar la declaraci\u00f3n ha sido una auditor\u00eda de accesibilidad llevada a cabo por la empresa<\/span> Judit Bancells V\u00e9lez.<\/p>\n<p><span>\u00daltima revisi\u00f3n de la declaraci\u00f3n:\u00a0<\/span>12 de septiembre del 2023.<\/p>\n<h3><span class=\"w_title\">Observaciones y datos\u00a0de contacto<\/span><\/h3>\n<p><span class=\"w_highlight\"><strong>Comunicaciones<\/strong><\/span><\/p>\n<p>Se pueden realizar comunicaciones sobre requisitos de accesibilidad (art\u00edculo 10.2.a del Real Decreto 1112\/2018, de 7 de septiembre), a trav\u00e9s del siguiente\u00a0<a href=\"https:\/\/ovt.gencat.cat\/gsitfc\/AppJava\/generic\/conqxsGeneric.do?topicLevel1.id=500&amp;topicLevel2.id=20523&amp;webFormId=391&amp;set-locale=ca_ES\"><strong>buz\u00f3n de contacto<\/strong><\/a>.<\/p>\n<p>Por\u00a0ejemplo:<\/p>\n<ul>\n<li>\n<div>Informar sobre cualquiera posible incumplimiento por parte de este sitio web.<\/div>\n<\/li>\n<li>\n<div>Transmitir otras dificultades de acceso al contenido.<\/div>\n<\/li>\n<li>\n<div>Formular cualquier otra consulta o sugerencia de mejora relativa a la accesibilidad del sitio web.<\/div>\n<\/li>\n<\/ul>\n<p>Las comunicaciones ser\u00e1n recibidas y trasladadas por la Direcci\u00f3n General de Atenci\u00f3n Ciudadana, del Departamento de la Vicepresidencia, Econom\u00eda y Hacienda, como Unidad Responsable de Accesibilidad Web en el \u00e1mbito auton\u00f3mico.<\/p>\n<p><span class=\"w_highlight\"><strong>Solicitudes de informaci\u00f3n accesible y quejas<\/strong><\/span><\/p>\n<p>Para hacer solicitudes de informaci\u00f3n accesible y quejas (art\u00edculo 12 del Real Decreto 1112\/2018, de 7 de septiembre) hay que acceder al tr\u00e1mite \u201c<a href=\"https:\/\/web.gencat.cat\/ca\/tramits\/tramits-temes\/Continguts-accessibles-al-web\"><strong>Contenidos accesibles en la web<\/strong><\/a>\u201d y seguir la modalidad \u201c<a href=\"https:\/\/web.gencat.cat\/ca\/tramits\/tramits-temes\/Continguts-accessibles-al-web?moda=1\"><strong>Solicitar informaci\u00f3n accesible o hacer una queja<\/strong><\/a>\u201d.<\/p>\n<p>Cualquier persona f\u00edsica o jur\u00eddica puede formular quejas relativas al cumplimiento de los requisitos del Real Decreto 1112\/2018, de 7 de septiembre, y solicitar informaci\u00f3n relativa a contenidos que est\u00e9n excluidos del \u00e1mbito de aplicaci\u00f3n de esta normativa.<\/p>\n<p>Las solicitudes y quejas se registran conforme a los requisitos establecidos por la Ley 39\/2015 de 1 de octubre, del Procedimiento Administrativo Com\u00fan de las Administraciones P\u00fablicas.<\/p>\n<p><span class=\"w_highlight\"><strong>Procedimiento\u00a0de aplicaci\u00f3n<\/strong><\/span><\/p>\n<p>El procedimiento de aplicaci\u00f3n recogido en el art\u00edculo 13 del Real Decreto 1112\/2018, de 7 de septiembre, se puede iniciar en el tr\u00e1mite \u201c<a href=\"https:\/\/web.gencat.cat\/ca\/tramits\/tramits-temes\/Continguts-accessibles-al-web\"><strong>Contenidos\u00a0accesibles en la web<\/strong><\/a>\u201d a trav\u00e9s de la modalidad\u00a0\u00a0\u201c<a href=\"https:\/\/web.gencat.cat\/ca\/tramits\/tramits-temes\/Continguts-accessibles-al-web?category=&amp;moda=2\"><strong>Reclamar una solicitud<\/strong><\/a>\u201d.<\/p>\n<p>Si una vez realizada una solicitud de informaci\u00f3n accesible o queja,\u00a0ha sido desestimada, no est\u00e1\u00a0de acuerdo con la decisi\u00f3n adoptada o la respuesta no cumple con los requisitos del art\u00edculo 12.5 del Real Decreto 1112\/2018, de 7 de septiembre, se puede\u00a0iniciar una reclamaci\u00f3n por<\/p>\n<ul>\n<li>conocer y oponerte a los motivos de la desestimaci\u00f3n<\/li>\n<li>instar a la adopci\u00f3n de las medidas oportunas en caso de no estar de acuerdo con la decisi\u00f3n adoptada<\/li>\n<li>exponer las razones por las cuales consideras que la respuesta no cumple con los requisitos exigidos.<\/li>\n<\/ul>\n<p>Tambi\u00e9n se puede iniciar una reclamaci\u00f3n en caso de que hayan transcurrido 20 d\u00edas h\u00e1biles sin haber obtenido ninguna respuesta.<\/p>\n<h3>El compromiso del MNACTEC por\u00a0la accesibilidad<\/h3>\n<p>La web mnactec.cat se ha construido con el \u00e1nimo de facilitar el acceso universal a todas las personas que lo consultan independientemente de sus capacidades, f\u00edsicas, sensoriales o intelectuales, y del contexto t\u00e9cnico de uso con que lo hacen (tipo de dispositivo, software, velocidad de la conexi\u00f3n, condiciones ambientales, etc.).<\/p>\n<p>Por eso, se trabaja con el objetivo de adaptar toda\u00a0la web a las recomendaciones del Consorcio\u00a0World\u00a0Wide\u00a0Web W3C para eliminar las barreras que dificultan el acceso a la informaci\u00f3n y la comunicaci\u00f3n. Estas recomendaciones se concretan en las pautas de accesibilidad de la web\u00a0<strong>WCAG\u00a02.1<\/strong>.<\/p>\n<p>El compromiso de la Generalitat de Catalunya es llegar a cumplir el nivel de conformidad \u2018Doble-A\u2019 (AA), tal como exigen a las administraciones p\u00fablicas las legislaciones europea y estatal.<\/p>\n<div>La<span>\u00a0<\/span><strong>Directiva (UE) 2016\/2102 del Parlamento Europeo y del Consejo de 26 de octubre de 2016<span>\u00a0<\/span><\/strong>establece las normas que se exigen a los estados miembros para que todas las webs y aplicaciones m\u00f3viles del sector p\u00fablico, independientemente del dispositivo utilizado para acceder, cumplan los requisitos de accesibilidad que se recojan a la n<strong>orma EN 301 549\u00a0v2.1.2 (de agosto de 2018)<\/strong>, de requisitos de accesibilidad adecuados para la contrataci\u00f3n p\u00fablica de productos y servicios TIC en Europa.<\/div>\n<p>La norma EN 301 549\u00a0v2.1.2 se basa principalmente en las<span>\u00a0<\/span><strong>Web Content\u00a0Accessibility\u00a0Guidelines\u00a0(WCAG)\u00a02.1, de agosto de 2018<\/strong>. Concretamente hay que cumplir el nivel\u00a0AA. Sin embargo, la norma tambi\u00e9n tiene otros requisitos adicionales, obligatorios y condicionales.<\/p>\n<p>La directiva es de obligado cumplimiento pero no es directamente aplicable, por eso en el \u00e1mbito estatal se ha desarrollado un real decreto que desarrolla el alcance y los requisitos, como m\u00ednimo. La transposici\u00f3n estatal es el\u00a0<strong>Real Decreto 1112\/2018, de 7 de septiembre<\/strong>, sobre accesibilidad de los sitios\u00a0webs y aplicaciones para dispositivos m\u00f3viles del sector p\u00fablico.<\/p>\n<\/div>\n<p><!--more--><br \/>\n<!-- {\"type\":\"layout\",\"children\":[{\"type\":\"section\",\"props\":{\"image_position\":\"center-center\",\"style\":\"default\",\"title_breakpoint\":\"xl\",\"title_position\":\"top-left\",\"title_rotation\":\"left\",\"vertical_align\":\"middle\",\"width\":\"default\"},\"children\":[{\"type\":\"row\",\"children\":[{\"type\":\"column\",\"props\":{\"image_position\":\"center-center\",\"position_sticky_breakpoint\":\"m\"},\"children\":[{\"type\":\"headline\",\"props\":{\"content\":\"Declaraci\\u00f3n de accesibilidad\",\"title_element\":\"h2\",\"title_style\":\"h1\"}}]}]},{\"type\":\"row\",\"children\":[{\"type\":\"column\",\"props\":{\"image_position\":\"center-center\",\"position_sticky_breakpoint\":\"m\"},\"children\":[{\"type\":\"text\",\"props\":{\"column_breakpoint\":\"m\",\"content\":\"\n\n<p>El Museu Nacional de la Ci\\u00e8ncia i de la T\\u00e8cnica de Catalunya (MNACTEC) se ha comprometido a hacer accesibles sus sitios web de conformidad con el Real Decreto 1112\\\/2018, de 7 de septiembre, sobre accesibilidad de los sitios web y aplicaciones para dispositivos m\\u00f3viles del sector p\\u00fablico (en adelante, Real Decreto 1112\\\/2018, de 7 de septiembre).<\\\/p>\\n\n\n<p>La presente declaraci\\u00f3n de accesibilidad se aplica al sitio web <a href=\\\"https:\\\/\\\/150elements.mnactec.cat\\\/\\\">150elements.mnactec.cat<\\\/a><\\\/p>\\n\n\n<p><span>Los subdominios de este sitio web tendr\\u00e1n sus propias declaraciones de accesibilidad.<\\\/span><\\\/p>\\n\n\n<h3>Situaci\\u00f3n de coumplimiento<\\\/h3>\\n\n\n<p><span>Este sitio web es parcialmente conforme\\u00a0con el Real Decreto 1112\\\/2018, de 7 de septiembre a causa de las excepciones y la carencia de conformidad de los aspectos que se indican a continuaci\\u00f3n.<\\\/span><\\\/p>\\n\n\n<h3>Contenido no accesible<\\\/h3>\\n\n\n<p><span>El contenido que se recoge a continuaci\\u00f3n no es accesible por los siguientes motivos:<\\\/span><\\\/p>\\n\n\n<ul>\\n\n\n<li><strong>Falta de conformidad con el Real Decreto 1112\\\/2018, de 7 de septiembre:<\\\/strong>\\n\n\n<ul>\\n\n\n<li>Texto alternativo: falta incluir texto alternativo en las im\\u00e1genes, a parte del texto descriptivo.\\u00a0<\\\/li>\\n<\\\/ul>\\n<\\\/li>\\n<\\\/ul>\\n\n\n<h3>Preparaci\\u00f3n de la presente declaraci\\u00f3n de accessibilidad<\\\/h3>\\n\n\n<p>La presentr declaraci\\u00f3 se prepar\\u00f3 el 8 de septiembre del 2023.<\\\/p>\\n\n\n<p><span>El m\\u00e9todo utilizado para preparar la declaraci\\u00f3n ha sido una auditor\\u00eda de accesibilidad llevada a cabo por la empresa<\\\/span> Judit Bancells V\\u00e9lez.<\\\/p>\\n\n\n<p><span>\\u00daltima revisi\\u00f3n de la declaraci\\u00f3n:\\u00a0<\\\/span>12 de septiembre del 2023.<\\\/p>\\n\n\n<h3><span class=\\\"w_title\\\">Observaciones y datos\\u00a0de contacto<\\\/span><\\\/h3>\\n\n\n<p><span class=\\\"w_highlight\\\"><strong>Comunicaciones<\\\/strong><\\\/span><\\\/p>\\n\n\n<p>Se pueden realizar comunicaciones sobre requisitos de accesibilidad (art\\u00edculo 10.2.a del Real Decreto 1112\\\/2018, de 7 de septiembre), a trav\\u00e9s del siguiente\\u00a0<a href=\\\"https:\\\/\\\/ovt.gencat.cat\\\/gsitfc\\\/AppJava\\\/generic\\\/conqxsGeneric.do?topicLevel1.id=500&amp;topicLevel2.id=20523&amp;webFormId=391&amp;set-locale=ca_ES\\\"><strong>buz\\u00f3n de contacto<\\\/strong><\\\/a>.<br \\\/><br \\\/>Por\\u00a0ejemplo:<\\\/p>\\n\n\n<ul>\\n\n\n<li>\\n\n\n<div>Informar sobre cualquiera posible incumplimiento por parte de este sitio web.<\\\/div>\\n<\\\/li>\\n\n\n<li>\\n\n\n<div>Transmitir otras dificultades de acceso al contenido.<\\\/div>\\n<\\\/li>\\n\n\n<li>\\n\n\n<div>Formular cualquier otra consulta o sugerencia de mejora relativa a la accesibilidad del sitio web.<\\\/div>\\n<\\\/li>\\n<\\\/ul>\\n\n\n<p>Las comunicaciones ser\\u00e1n recibidas y trasladadas por la Direcci\\u00f3n General de Atenci\\u00f3n Ciudadana, del Departamento de la Vicepresidencia, Econom\\u00eda y Hacienda, como Unidad Responsable de Accesibilidad Web en el \\u00e1mbito auton\\u00f3mico.<\\\/p>\\n\n\n<p><span class=\\\"w_highlight\\\"><strong>Solicitudes de informaci\\u00f3n accesible y quejas<\\\/strong><\\\/span><\\\/p>\\n\n\n<p>Para hacer solicitudes de informaci\\u00f3n accesible y quejas (art\\u00edculo 12 del Real Decreto 1112\\\/2018, de 7 de septiembre) hay que acceder al tr\\u00e1mite \\u201c<a href=\\\"https:\\\/\\\/web.gencat.cat\\\/ca\\\/tramits\\\/tramits-temes\\\/Continguts-accessibles-al-web\\\"><strong>Contenidos accesibles en la web<\\\/strong><\\\/a>\\u201d y seguir la modalidad \\u201c<a href=\\\"https:\\\/\\\/web.gencat.cat\\\/ca\\\/tramits\\\/tramits-temes\\\/Continguts-accessibles-al-web?moda=1\\\"><strong>Solicitar informaci\\u00f3n accesible o hacer una queja<\\\/strong><\\\/a>\\u201d.<\\\/p>\\n\n\n<p>Cualquier persona f\\u00edsica o jur\\u00eddica puede formular quejas relativas al cumplimiento de los requisitos del Real Decreto 1112\\\/2018, de 7 de septiembre, y solicitar informaci\\u00f3n relativa a contenidos que est\\u00e9n excluidos del \\u00e1mbito de aplicaci\\u00f3n de esta normativa.<br \\\/><br \\\/>Las solicitudes y quejas se registran conforme a los requisitos establecidos por la Ley 39\\\/2015 de 1 de octubre, del Procedimiento Administrativo Com\\u00fan de las Administraciones P\\u00fablicas.<\\\/p>\\n\n\n<p><span class=\\\"w_highlight\\\"><strong>Procedimiento\\u00a0de aplicaci\\u00f3n<\\\/strong><\\\/span><\\\/p>\\n\n\n<p>El procedimiento de aplicaci\\u00f3n recogido en el art\\u00edculo 13 del Real Decreto 1112\\\/2018, de 7 de septiembre, se puede iniciar en el tr\\u00e1mite \\u201c<a href=\\\"https:\\\/\\\/web.gencat.cat\\\/ca\\\/tramits\\\/tramits-temes\\\/Continguts-accessibles-al-web\\\"><strong>Contenidos\\u00a0accesibles en la web<\\\/strong><\\\/a>\\u201d a trav\\u00e9s de la modalidad\\u00a0\\u00a0\\u201c<a href=\\\"https:\\\/\\\/web.gencat.cat\\\/ca\\\/tramits\\\/tramits-temes\\\/Continguts-accessibles-al-web?category=&amp;moda=2\\\"><strong>Reclamar una solicitud<\\\/strong><\\\/a>\\u201d.<\\\/p>\\n\n\n<p>Si una vez realizada una solicitud de informaci\\u00f3n accesible o queja,\\u00a0ha sido desestimada, no est\\u00e1\\u00a0de acuerdo con la decisi\\u00f3n adoptada o la respuesta no cumple con los requisitos del art\\u00edculo 12.5 del Real Decreto 1112\\\/2018, de 7 de septiembre, se puede\\u00a0iniciar una reclamaci\\u00f3n por<\\\/p>\\n\n\n<ul>\\n\n\n<li>conocer y oponerte a los motivos de la desestimaci\\u00f3n<\\\/li>\\n\n\n<li>instar a la adopci\\u00f3n de las medidas oportunas en caso de no estar de acuerdo con la decisi\\u00f3n adoptada<\\\/li>\\n\n\n<li>exponer las razones por las cuales consideras que la respuesta no cumple con los requisitos exigidos.<\\\/li>\\n<\\\/ul>\\n\n\n<p>Tambi\\u00e9n se puede iniciar una reclamaci\\u00f3n en caso de que hayan transcurrido 20 d\\u00edas h\\u00e1biles sin haber obtenido ninguna respuesta.<\\\/p>\\n\n\n<h3><br \\\/>El compromiso del MNACTEC por\\u00a0la accesibilidad<\\\/h3>\\n\n\n<p>La web mnactec.cat se ha construido con el \\u00e1nimo de facilitar el acceso universal a todas las personas que lo consultan independientemente de sus capacidades, f\\u00edsicas, sensoriales o intelectuales, y del contexto t\\u00e9cnico de uso con que lo hacen (tipo de dispositivo, software, velocidad de la conexi\\u00f3n, condiciones ambientales, etc.).<br \\\/><br \\\/>Por eso, se trabaja con el objetivo de adaptar toda\\u00a0la web a las recomendaciones del Consorcio\\u00a0World\\u00a0Wide\\u00a0Web W3C para eliminar las barreras que dificultan el acceso a la informaci\\u00f3n y la comunicaci\\u00f3n. Estas recomendaciones se concretan en las pautas de accesibilidad de la web\\u00a0<strong>WCAG\\u00a02.1<\\\/strong>.<\\\/p>\\n\n\n<p>El compromiso de la Generalitat de Catalunya es llegar a cumplir el nivel de conformidad \\u2018Doble-A\\u2019 (AA), tal como exigen a las administraciones p\\u00fablicas las legislaciones europea y estatal.<\\\/p>\\n\n\n<div>La<span>\\u00a0<\\\/span><strong>Directiva (UE) 2016\\\/2102 del Parlamento Europeo y del Consejo de 26 de octubre de 2016<span>\\u00a0<\\\/span><\\\/strong>establece las normas que se exigen a los estados miembros para que todas las webs y aplicaciones m\\u00f3viles del sector p\\u00fablico, independientemente del dispositivo utilizado para acceder, cumplan los requisitos de accesibilidad que se recojan a la n<strong>orma EN 301 549\\u00a0v2.1.2 (de agosto de 2018)<\\\/strong>, de requisitos de accesibilidad adecuados para la contrataci\\u00f3n p\\u00fablica de productos y servicios TIC en Europa.<\\\/div>\\n\n\n<p>La norma EN 301 549\\u00a0v2.1.2 se basa principalmente en las<span>\\u00a0<\\\/span><strong>Web Content\\u00a0Accessibility\\u00a0Guidelines\\u00a0(WCAG)\\u00a02.1, de agosto de 2018<\\\/strong>. Concretamente hay que cumplir el nivel\\u00a0AA. Sin embargo, la norma tambi\\u00e9n tiene otros requisitos adicionales, obligatorios y condicionales.<\\\/p>\\n\n\n<p>La directiva es de obligado cumplimiento pero no es directamente aplicable, por eso en el \\u00e1mbito estatal se ha desarrollado un real decreto que desarrolla el alcance y los requisitos, como m\\u00ednimo. La transposici\\u00f3n estatal es el\\u00a0<strong>Real Decreto 1112\\\/2018, de 7 de septiembre<\\\/strong>, sobre accesibilidad de los sitios\\u00a0webs y aplicaciones para dispositivos m\\u00f3viles del sector p\\u00fablico.<\\\/p>\",\"margin\":\"default\"}}]}]}]}],\"version\":\"4.0.11\",\"yooessentialsVersion\":\"2.0.14\"} --><\/p>\n","protected":false},"excerpt":{"rendered":"<p>Declaraci\u00f3n de accesibilidad El Museu Nacional de la Ci\u00e8ncia i de la T\u00e8cnica de Catalunya (MNACTEC) se ha comprometido a hacer accesibles sus sitios web de conformidad con el Real Decreto 1112\/2018, de 7 de septiembre, sobre accesibilidad de los sitios web y aplicaciones para dispositivos m\u00f3viles del sector p\u00fablico (en adelante, Real Decreto 1112\/2018, [&hellip;]<\/p>\n","protected":false},"author":1,"featured_media":0,"parent":0,"menu_order":0,"comment_status":"closed","ping_status":"closed","template":"","meta":{"footnotes":""},"class_list":["post-4489","page","type-page","status-publish","hentry"],"acf":[],"yoast_head":"<!-- This site is optimized with the Yoast SEO plugin v21.3 - https:\/\/yoast.com\/wordpress\/plugins\/seo\/ -->\n<title>Declaraci\u00f3n de accesibilidad - MNACTEC<\/title>\n<meta name=\"robots\" content=\"index, follow, max-snippet:-1, max-image-preview:large, max-video-preview:-1\" \/>\n<link rel=\"canonical\" href=\"https:\/\/150elements.mnactec.cat\/es\/accesibilidad\/\" \/>\n<meta property=\"og:locale\" content=\"es_ES\" \/>\n<meta property=\"og:type\" content=\"article\" \/>\n<meta property=\"og:title\" content=\"Declaraci\u00f3n de accesibilidad - MNACTEC\" \/>\n<meta property=\"og:description\" content=\"Declaraci\u00f3n de accesibilidad El Museu Nacional de la Ci\u00e8ncia i de la T\u00e8cnica de Catalunya (MNACTEC) se ha comprometido a hacer accesibles sus sitios web de conformidad con el Real Decreto 1112\/2018, de 7 de septiembre, sobre accesibilidad de los sitios web y aplicaciones para dispositivos m\u00f3viles del sector p\u00fablico (en adelante, Real Decreto 1112\/2018, [&hellip;]\" \/>\n<meta property=\"og:url\" content=\"https:\/\/150elements.mnactec.cat\/es\/accesibilidad\/\" \/>\n<meta property=\"og:site_name\" content=\"MNACTEC\" \/>\n<meta property=\"article:publisher\" content=\"https:\/\/www.facebook.com\/mnactec\" \/>\n<meta property=\"article:modified_time\" content=\"2023-09-19T06:33:55+00:00\" \/>\n<meta name=\"twitter:card\" content=\"summary_large_image\" \/>\n<meta name=\"twitter:site\" content=\"@mnactec\" \/>\n<script type=\"application\/ld+json\" class=\"yoast-schema-graph\">{\"@context\":\"https:\/\/schema.org\",\"@graph\":[{\"@type\":\"WebPage\",\"@id\":\"https:\/\/150elements.mnactec.cat\/es\/accesibilidad\/\",\"url\":\"https:\/\/150elements.mnactec.cat\/es\/accesibilidad\/\",\"name\":\"Declaraci\u00f3n de accesibilidad - MNACTEC\",\"isPartOf\":{\"@id\":\"https:\/\/150elements.mnactec.cat\/es\/#website\"},\"datePublished\":\"2023-09-12T16:04:32+00:00\",\"dateModified\":\"2023-09-19T06:33:55+00:00\",\"breadcrumb\":{\"@id\":\"https:\/\/150elements.mnactec.cat\/es\/accesibilidad\/#breadcrumb\"},\"inLanguage\":\"es\",\"potentialAction\":[{\"@type\":\"ReadAction\",\"target\":[\"https:\/\/150elements.mnactec.cat\/es\/accesibilidad\/\"]}]},{\"@type\":\"BreadcrumbList\",\"@id\":\"https:\/\/150elements.mnactec.cat\/es\/accesibilidad\/#breadcrumb\",\"itemListElement\":[{\"@type\":\"ListItem\",\"position\":1,\"name\":\"Inicio\",\"item\":\"https:\/\/150elements.mnactec.cat\/es\/\"},{\"@type\":\"ListItem\",\"position\":2,\"name\":\"Declaraci\u00f3n de accesibilidad\"}]},{\"@type\":\"WebSite\",\"@id\":\"https:\/\/150elements.mnactec.cat\/es\/#website\",\"url\":\"https:\/\/150elements.mnactec.cat\/es\/\",\"name\":\"MNACTEC - Mapa del patrimoni industrial de Catalunya\",\"description\":\"Mapa del patrimoni industrial de Catalunya. 150 elements imprescindibles\",\"publisher\":{\"@id\":\"https:\/\/150elements.mnactec.cat\/es\/#organization\"},\"alternateName\":\"MNACTEC - 150 elements\",\"potentialAction\":[{\"@type\":\"SearchAction\",\"target\":{\"@type\":\"EntryPoint\",\"urlTemplate\":\"https:\/\/150elements.mnactec.cat\/es\/?s={search_term_string}\"},\"query-input\":\"required name=search_term_string\"}],\"inLanguage\":\"es\"},{\"@type\":\"Organization\",\"@id\":\"https:\/\/150elements.mnactec.cat\/es\/#organization\",\"name\":\"MNACTEC\",\"alternateName\":\"MNACTEC\",\"url\":\"https:\/\/150elements.mnactec.cat\/es\/\",\"logo\":{\"@type\":\"ImageObject\",\"inLanguage\":\"es\",\"@id\":\"https:\/\/150elements.mnactec.cat\/es\/#\/schema\/logo\/image\/\",\"url\":\"https:\/\/150elements.mnactec.cat\/wp-content\/uploads\/2023\/05\/logo_mnactec.svg\",\"contentUrl\":\"https:\/\/150elements.mnactec.cat\/wp-content\/uploads\/2023\/05\/logo_mnactec.svg\",\"width\":1,\"height\":1,\"caption\":\"MNACTEC\"},\"image\":{\"@id\":\"https:\/\/150elements.mnactec.cat\/es\/#\/schema\/logo\/image\/\"},\"sameAs\":[\"https:\/\/www.facebook.com\/mnactec\",\"https:\/\/twitter.com\/mnactec\",\"https:\/\/www.instagram.com\/mnactec\/\",\"https:\/\/www.youtube.com\/user\/mnactec\"]}]}<\/script>\n<!-- \/ Yoast SEO plugin. -->","yoast_head_json":{"title":"Declaraci\u00f3n de accesibilidad - MNACTEC","robots":{"index":"index","follow":"follow","max-snippet":"max-snippet:-1","max-image-preview":"max-image-preview:large","max-video-preview":"max-video-preview:-1"},"canonical":"https:\/\/150elements.mnactec.cat\/es\/accesibilidad\/","og_locale":"es_ES","og_type":"article","og_title":"Declaraci\u00f3n de accesibilidad - MNACTEC","og_description":"Declaraci\u00f3n de accesibilidad El Museu Nacional de la Ci\u00e8ncia i de la T\u00e8cnica de Catalunya (MNACTEC) se ha comprometido a hacer accesibles sus sitios web de conformidad con el Real Decreto 1112\/2018, de 7 de septiembre, sobre accesibilidad de los sitios web y aplicaciones para dispositivos m\u00f3viles del sector p\u00fablico (en adelante, Real Decreto 1112\/2018, [&hellip;]","og_url":"https:\/\/150elements.mnactec.cat\/es\/accesibilidad\/","og_site_name":"MNACTEC","article_publisher":"https:\/\/www.facebook.com\/mnactec","article_modified_time":"2023-09-19T06:33:55+00:00","twitter_card":"summary_large_image","twitter_site":"@mnactec","schema":{"@context":"https:\/\/schema.org","@graph":[{"@type":"WebPage","@id":"https:\/\/150elements.mnactec.cat\/es\/accesibilidad\/","url":"https:\/\/150elements.mnactec.cat\/es\/accesibilidad\/","name":"Declaraci\u00f3n de accesibilidad - MNACTEC","isPartOf":{"@id":"https:\/\/150elements.mnactec.cat\/es\/#website"},"datePublished":"2023-09-12T16:04:32+00:00","dateModified":"2023-09-19T06:33:55+00:00","breadcrumb":{"@id":"https:\/\/150elements.mnactec.cat\/es\/accesibilidad\/#breadcrumb"},"inLanguage":"es","potentialAction":[{"@type":"ReadAction","target":["https:\/\/150elements.mnactec.cat\/es\/accesibilidad\/"]}]},{"@type":"BreadcrumbList","@id":"https:\/\/150elements.mnactec.cat\/es\/accesibilidad\/#breadcrumb","itemListElement":[{"@type":"ListItem","position":1,"name":"Inicio","item":"https:\/\/150elements.mnactec.cat\/es\/"},{"@type":"ListItem","position":2,"name":"Declaraci\u00f3n de accesibilidad"}]},{"@type":"WebSite","@id":"https:\/\/150elements.mnactec.cat\/es\/#website","url":"https:\/\/150elements.mnactec.cat\/es\/","name":"MNACTEC - Mapa del patrimoni industrial de Catalunya","description":"Mapa del patrimoni industrial de Catalunya. 150 elements imprescindibles","publisher":{"@id":"https:\/\/150elements.mnactec.cat\/es\/#organization"},"alternateName":"MNACTEC - 150 elements","potentialAction":[{"@type":"SearchAction","target":{"@type":"EntryPoint","urlTemplate":"https:\/\/150elements.mnactec.cat\/es\/?s={search_term_string}"},"query-input":"required name=search_term_string"}],"inLanguage":"es"},{"@type":"Organization","@id":"https:\/\/150elements.mnactec.cat\/es\/#organization","name":"MNACTEC","alternateName":"MNACTEC","url":"https:\/\/150elements.mnactec.cat\/es\/","logo":{"@type":"ImageObject","inLanguage":"es","@id":"https:\/\/150elements.mnactec.cat\/es\/#\/schema\/logo\/image\/","url":"https:\/\/150elements.mnactec.cat\/wp-content\/uploads\/2023\/05\/logo_mnactec.svg","contentUrl":"https:\/\/150elements.mnactec.cat\/wp-content\/uploads\/2023\/05\/logo_mnactec.svg","width":1,"height":1,"caption":"MNACTEC"},"image":{"@id":"https:\/\/150elements.mnactec.cat\/es\/#\/schema\/logo\/image\/"},"sameAs":["https:\/\/www.facebook.com\/mnactec","https:\/\/twitter.com\/mnactec","https:\/\/www.instagram.com\/mnactec\/","https:\/\/www.youtube.com\/user\/mnactec"]}]}},"_links":{"self":[{"href":"https:\/\/150elements.mnactec.cat\/es\/wp-json\/wp\/v2\/pages\/4489","targetHints":{"allow":["GET"]}}],"collection":[{"href":"https:\/\/150elements.mnactec.cat\/es\/wp-json\/wp\/v2\/pages"}],"about":[{"href":"https:\/\/150elements.mnactec.cat\/es\/wp-json\/wp\/v2\/types\/page"}],"author":[{"embeddable":true,"href":"https:\/\/150elements.mnactec.cat\/es\/wp-json\/wp\/v2\/users\/1"}],"replies":[{"embeddable":true,"href":"https:\/\/150elements.mnactec.cat\/es\/wp-json\/wp\/v2\/comments?post=4489"}],"version-history":[{"count":5,"href":"https:\/\/150elements.mnactec.cat\/es\/wp-json\/wp\/v2\/pages\/4489\/revisions"}],"predecessor-version":[{"id":4501,"href":"https:\/\/150elements.mnactec.cat\/es\/wp-json\/wp\/v2\/pages\/4489\/revisions\/4501"}],"wp:attachment":[{"href":"https:\/\/150elements.mnactec.cat\/es\/wp-json\/wp\/v2\/media?parent=4489"}],"curies":[{"name":"wp","href":"https:\/\/api.w.org\/{rel}","templated":true}]}}