{"id":1702,"date":"2023-05-26T16:49:49","date_gmt":"2023-05-26T16:49:49","guid":{"rendered":"https:\/\/150elements.mnactec.cat\/contacto\/"},"modified":"2023-07-14T09:59:27","modified_gmt":"2023-07-14T09:59:27","slug":"contacto","status":"publish","type":"page","link":"https:\/\/150elements.mnactec.cat\/es\/contacto\/","title":{"rendered":"Contacto"},"content":{"rendered":"<h1>Contacto<\/h1>\n<div>\n\n<div class=\"wpcf7 no-js\" id=\"wpcf7-f2740-o1\" lang=\"es-ES\" dir=\"ltr\">\n<div class=\"screen-reader-response\"><p role=\"status\" aria-live=\"polite\" aria-atomic=\"true\"><\/p> <ul><\/ul><\/div>\n<form action=\"\/es\/wp-json\/wp\/v2\/pages\/1702#wpcf7-f2740-o1\" method=\"post\" class=\"wpcf7-form init\" aria-label=\"Formulario de contacto\" novalidate=\"novalidate\" data-status=\"init\">\n<div style=\"display: none;\">\n<input type=\"hidden\" name=\"_wpcf7\" value=\"2740\" \/>\n<input type=\"hidden\" name=\"_wpcf7_version\" value=\"5.8.1\" \/>\n<input type=\"hidden\" name=\"_wpcf7_locale\" value=\"es_ES\" \/>\n<input type=\"hidden\" name=\"_wpcf7_unit_tag\" value=\"wpcf7-f2740-o1\" \/>\n<input type=\"hidden\" name=\"_wpcf7_container_post\" value=\"0\" \/>\n<input type=\"hidden\" name=\"_wpcf7_posted_data_hash\" value=\"\" \/>\n<\/div>\n<p><label class=\"uk-form-label\"> <span class=\"text\">Correo electr\u00f3nico *<\/span><br \/>\n<span class=\"wpcf7-form-control-wrap\" data-name=\"email\"><input size=\"40\" class=\"wpcf7-form-control wpcf7-email wpcf7-validates-as-required wpcf7-text wpcf7-validates-as-email uk-input\" aria-required=\"true\" aria-invalid=\"false\" placeholder=\"Indica tu correo electr\u00f3nico\" value=\"\" type=\"email\" name=\"email\" \/><\/span> <\/label>\n<\/p>\n<p><label class=\"uk-form-label\"> <span class=\"text\">Comentarios *<\/span><br \/>\n<span class=\"wpcf7-form-control-wrap\" data-name=\"message\"><textarea cols=\"40\" rows=\"10\" class=\"wpcf7-form-control wpcf7-textarea wpcf7-validates-as-required uk-textarea\" aria-required=\"true\" aria-invalid=\"false\" placeholder=\"Escribe aqu\u00ed tus comentarios\" name=\"message\"><\/textarea><\/span> <\/label>\n<\/p>\n<p><span class=\"wpcf7-form-control-wrap\" data-name=\"politiques\"><span class=\"wpcf7-form-control wpcf7-acceptance\"><span class=\"wpcf7-list-item\"><label><input type=\"checkbox\" name=\"politiques\" value=\"1\" class=\"uk-checkbox\" aria-invalid=\"false\" \/><span class=\"wpcf7-list-item-label\">Acepto la <a href=\"https:\/\/cultura.gencat.cat\/ca\/departament\/estructura_i_adreces\/organismes\/dgpc\/accio\/agencia_patrimoni\/politica_privacitat\/index.html\" target=\"_blank\" class=\"uk-link-muted\">pol\u00edtica de privacidad<\/a> y consiento que la Ag\u00e8ncia Catalana del Patrimoni Cultural, entidad de derecho p\u00fablico que depende del Departament de Cultura y que gestiona el Museu Nacional de la Ci\u00e8ncia i la T\u00e8cnica de Catalunya (MNACTEC), trate mis datos con el fin de remitir comunicaciones relacionadas con mi consulta.<\/span><\/label><\/span><\/span><\/span>\n<\/p>\n<p><input class=\"wpcf7-form-control wpcf7-submit has-spinner uk-button uk-button-secondary\" type=\"submit\" value=\"Enviar\" \/>\n<\/p><p style=\"display: none !important;\"><label>&#916;<textarea name=\"_wpcf7_ak_hp_textarea\" cols=\"45\" rows=\"8\" maxlength=\"100\"><\/textarea><\/label><input type=\"hidden\" id=\"ak_js_1\" name=\"_wpcf7_ak_js\" value=\"187\"\/><script>document.getElementById( \"ak_js_1\" ).setAttribute( \"value\", ( new Date() ).getTime() );<\/script><\/p><div class=\"wpcf7-response-output\" aria-hidden=\"true\"><\/div>\n<\/form>\n<\/div>\n<\/div>\n<p><!--more--><br \/>\n<!-- {\"type\":\"layout\",\"children\":[{\"type\":\"section\",\"props\":{\"image_position\":\"center-center\",\"padding_remove_bottom\":false,\"style\":\"default\",\"title_breakpoint\":\"xl\",\"title_position\":\"top-left\",\"title_rotation\":\"left\",\"vertical_align\":\"middle\",\"width\":\"large\"},\"children\":[{\"type\":\"row\",\"children\":[{\"type\":\"column\",\"props\":{\"image_position\":\"center-center\",\"position_sticky_breakpoint\":\"m\"},\"children\":[{\"type\":\"headline\",\"props\":{\"content\":\"Contacto\",\"title_decoration\":\"line\",\"title_element\":\"h1\",\"title_style\":\"h1\"}}]}]},{\"type\":\"row\",\"children\":[{\"type\":\"column\",\"props\":{\"image_position\":\"center-center\",\"position_sticky_breakpoint\":\"m\"},\"children\":[{\"type\":\"html\",\"props\":{\"class\":\"uk-width-3-5@m uk-width-1-1\",\"content\":\"[contact-form-7 id=\\\"2740\\\" title=\\\"Formulario de contacto\\\"]\",\"css\":\".el-element span.text{\\n    line-height: 35px;\\n}\\n\\n.el-element a{\\n    text-decoration: underline;\\n}\\n\\n.el-element a:hover{\\n    text-decoration-thickness: 2.5px;\\n}\"}}]}]}]}],\"version\":\"4.0.7\",\"yooessentialsVersion\":\"2.0.11\"} --><\/p>\n","protected":false},"excerpt":{"rendered":"<p>Contacto<\/p>\n","protected":false},"author":1,"featured_media":0,"parent":0,"menu_order":0,"comment_status":"closed","ping_status":"closed","template":"","meta":{"footnotes":""},"class_list":["post-1702","page","type-page","status-publish","hentry"],"acf":[],"yoast_head":"<!-- This site is optimized with the Yoast SEO plugin v21.3 - https:\/\/yoast.com\/wordpress\/plugins\/seo\/ -->\n<title>Contacto - MNACTEC<\/title>\n<meta name=\"robots\" content=\"index, follow, max-snippet:-1, max-image-preview:large, max-video-preview:-1\" \/>\n<link rel=\"canonical\" href=\"https:\/\/150elements.mnactec.cat\/es\/contacto\/\" \/>\n<meta property=\"og:locale\" content=\"es_ES\" \/>\n<meta property=\"og:type\" content=\"article\" \/>\n<meta property=\"og:title\" content=\"Contacto - MNACTEC\" \/>\n<meta property=\"og:description\" content=\"Contacto\" \/>\n<meta property=\"og:url\" content=\"https:\/\/150elements.mnactec.cat\/es\/contacto\/\" \/>\n<meta property=\"og:site_name\" content=\"MNACTEC\" \/>\n<meta property=\"article:publisher\" content=\"https:\/\/www.facebook.com\/mnactec\" \/>\n<meta property=\"article:modified_time\" content=\"2023-07-14T09:59:27+00:00\" \/>\n<meta name=\"twitter:card\" content=\"summary_large_image\" \/>\n<meta name=\"twitter:site\" content=\"@mnactec\" \/>\n<script type=\"application\/ld+json\" class=\"yoast-schema-graph\">{\"@context\":\"https:\/\/schema.org\",\"@graph\":[{\"@type\":\"WebPage\",\"@id\":\"https:\/\/150elements.mnactec.cat\/es\/contacto\/\",\"url\":\"https:\/\/150elements.mnactec.cat\/es\/contacto\/\",\"name\":\"Contacto - MNACTEC\",\"isPartOf\":{\"@id\":\"https:\/\/150elements.mnactec.cat\/es\/#website\"},\"datePublished\":\"2023-05-26T16:49:49+00:00\",\"dateModified\":\"2023-07-14T09:59:27+00:00\",\"breadcrumb\":{\"@id\":\"https:\/\/150elements.mnactec.cat\/es\/contacto\/#breadcrumb\"},\"inLanguage\":\"es\",\"potentialAction\":[{\"@type\":\"ReadAction\",\"target\":[\"https:\/\/150elements.mnactec.cat\/es\/contacto\/\"]}]},{\"@type\":\"BreadcrumbList\",\"@id\":\"https:\/\/150elements.mnactec.cat\/es\/contacto\/#breadcrumb\",\"itemListElement\":[{\"@type\":\"ListItem\",\"position\":1,\"name\":\"Inicio\",\"item\":\"https:\/\/150elements.mnactec.cat\/es\/\"},{\"@type\":\"ListItem\",\"position\":2,\"name\":\"Contacto\"}]},{\"@type\":\"WebSite\",\"@id\":\"https:\/\/150elements.mnactec.cat\/es\/#website\",\"url\":\"https:\/\/150elements.mnactec.cat\/es\/\",\"name\":\"MNACTEC - Mapa del patrimoni industrial de Catalunya\",\"description\":\"Mapa del patrimoni industrial de Catalunya. 150 elements imprescindibles\",\"publisher\":{\"@id\":\"https:\/\/150elements.mnactec.cat\/es\/#organization\"},\"alternateName\":\"MNACTEC - 150 elements\",\"potentialAction\":[{\"@type\":\"SearchAction\",\"target\":{\"@type\":\"EntryPoint\",\"urlTemplate\":\"https:\/\/150elements.mnactec.cat\/es\/?s={search_term_string}\"},\"query-input\":\"required name=search_term_string\"}],\"inLanguage\":\"es\"},{\"@type\":\"Organization\",\"@id\":\"https:\/\/150elements.mnactec.cat\/es\/#organization\",\"name\":\"MNACTEC\",\"alternateName\":\"MNACTEC\",\"url\":\"https:\/\/150elements.mnactec.cat\/es\/\",\"logo\":{\"@type\":\"ImageObject\",\"inLanguage\":\"es\",\"@id\":\"https:\/\/150elements.mnactec.cat\/es\/#\/schema\/logo\/image\/\",\"url\":\"https:\/\/150elements.mnactec.cat\/wp-content\/uploads\/2023\/05\/logo_mnactec.svg\",\"contentUrl\":\"https:\/\/150elements.mnactec.cat\/wp-content\/uploads\/2023\/05\/logo_mnactec.svg\",\"width\":1,\"height\":1,\"caption\":\"MNACTEC\"},\"image\":{\"@id\":\"https:\/\/150elements.mnactec.cat\/es\/#\/schema\/logo\/image\/\"},\"sameAs\":[\"https:\/\/www.facebook.com\/mnactec\",\"https:\/\/twitter.com\/mnactec\",\"https:\/\/www.instagram.com\/mnactec\/\",\"https:\/\/www.youtube.com\/user\/mnactec\"]}]}<\/script>\n<!-- \/ Yoast SEO plugin. -->","yoast_head_json":{"title":"Contacto - MNACTEC","robots":{"index":"index","follow":"follow","max-snippet":"max-snippet:-1","max-image-preview":"max-image-preview:large","max-video-preview":"max-video-preview:-1"},"canonical":"https:\/\/150elements.mnactec.cat\/es\/contacto\/","og_locale":"es_ES","og_type":"article","og_title":"Contacto - MNACTEC","og_description":"Contacto","og_url":"https:\/\/150elements.mnactec.cat\/es\/contacto\/","og_site_name":"MNACTEC","article_publisher":"https:\/\/www.facebook.com\/mnactec","article_modified_time":"2023-07-14T09:59:27+00:00","twitter_card":"summary_large_image","twitter_site":"@mnactec","schema":{"@context":"https:\/\/schema.org","@graph":[{"@type":"WebPage","@id":"https:\/\/150elements.mnactec.cat\/es\/contacto\/","url":"https:\/\/150elements.mnactec.cat\/es\/contacto\/","name":"Contacto - MNACTEC","isPartOf":{"@id":"https:\/\/150elements.mnactec.cat\/es\/#website"},"datePublished":"2023-05-26T16:49:49+00:00","dateModified":"2023-07-14T09:59:27+00:00","breadcrumb":{"@id":"https:\/\/150elements.mnactec.cat\/es\/contacto\/#breadcrumb"},"inLanguage":"es","potentialAction":[{"@type":"ReadAction","target":["https:\/\/150elements.mnactec.cat\/es\/contacto\/"]}]},{"@type":"BreadcrumbList","@id":"https:\/\/150elements.mnactec.cat\/es\/contacto\/#breadcrumb","itemListElement":[{"@type":"ListItem","position":1,"name":"Inicio","item":"https:\/\/150elements.mnactec.cat\/es\/"},{"@type":"ListItem","position":2,"name":"Contacto"}]},{"@type":"WebSite","@id":"https:\/\/150elements.mnactec.cat\/es\/#website","url":"https:\/\/150elements.mnactec.cat\/es\/","name":"MNACTEC - Mapa del patrimoni industrial de Catalunya","description":"Mapa del patrimoni industrial de Catalunya. 150 elements imprescindibles","publisher":{"@id":"https:\/\/150elements.mnactec.cat\/es\/#organization"},"alternateName":"MNACTEC - 150 elements","potentialAction":[{"@type":"SearchAction","target":{"@type":"EntryPoint","urlTemplate":"https:\/\/150elements.mnactec.cat\/es\/?s={search_term_string}"},"query-input":"required name=search_term_string"}],"inLanguage":"es"},{"@type":"Organization","@id":"https:\/\/150elements.mnactec.cat\/es\/#organization","name":"MNACTEC","alternateName":"MNACTEC","url":"https:\/\/150elements.mnactec.cat\/es\/","logo":{"@type":"ImageObject","inLanguage":"es","@id":"https:\/\/150elements.mnactec.cat\/es\/#\/schema\/logo\/image\/","url":"https:\/\/150elements.mnactec.cat\/wp-content\/uploads\/2023\/05\/logo_mnactec.svg","contentUrl":"https:\/\/150elements.mnactec.cat\/wp-content\/uploads\/2023\/05\/logo_mnactec.svg","width":1,"height":1,"caption":"MNACTEC"},"image":{"@id":"https:\/\/150elements.mnactec.cat\/es\/#\/schema\/logo\/image\/"},"sameAs":["https:\/\/www.facebook.com\/mnactec","https:\/\/twitter.com\/mnactec","https:\/\/www.instagram.com\/mnactec\/","https:\/\/www.youtube.com\/user\/mnactec"]}]}},"_links":{"self":[{"href":"https:\/\/150elements.mnactec.cat\/es\/wp-json\/wp\/v2\/pages\/1702","targetHints":{"allow":["GET"]}}],"collection":[{"href":"https:\/\/150elements.mnactec.cat\/es\/wp-json\/wp\/v2\/pages"}],"about":[{"href":"https:\/\/150elements.mnactec.cat\/es\/wp-json\/wp\/v2\/types\/page"}],"author":[{"embeddable":true,"href":"https:\/\/150elements.mnactec.cat\/es\/wp-json\/wp\/v2\/users\/1"}],"replies":[{"embeddable":true,"href":"https:\/\/150elements.mnactec.cat\/es\/wp-json\/wp\/v2\/comments?post=1702"}],"version-history":[{"count":0,"href":"https:\/\/150elements.mnactec.cat\/es\/wp-json\/wp\/v2\/pages\/1702\/revisions"}],"wp:attachment":[{"href":"https:\/\/150elements.mnactec.cat\/es\/wp-json\/wp\/v2\/media?parent=1702"}],"curies":[{"name":"wp","href":"https:\/\/api.w.org\/{rel}","templated":true}]}}