{"id":1700,"date":"2023-05-26T16:49:24","date_gmt":"2023-05-26T14:49:24","guid":{"rendered":"https:\/\/150elements.mnactec.cat\/?page_id=1700"},"modified":"2023-09-12T09:38:10","modified_gmt":"2023-09-12T07:38:10","slug":"enlaces-de-interes","status":"publish","type":"page","link":"https:\/\/150elements.mnactec.cat\/es\/enlaces-de-interes\/","title":{"rendered":"Enlaces de inter\u00e9s"},"content":{"rendered":"<h1>Enlaces de inter\u00e9s<\/h1>\n<h1>Museu de la Ci\u00e8ncia i de la T\u00e8cnica de Catalunya (mNACTEC)<\/h1>\n<div>Web del Museu de la Ci\u00e8ncia i la T\u00e8cnica de Catalunya (MNACTEC). La misi\u00f3n del museo es la de mostrar permanentemente la implantaci\u00f3n y la evoluci\u00f3n de los avances cient\u00edficos y t\u00e9cnicos en Catalu\u00f1a, su aplicaci\u00f3n industrial y, especialmente, su implicaci\u00f3n e incidencia social.<\/div>\n<p>\n    <a href=\"https:\/\/mnactec.cat\/es\">www.mnactec.cat<\/a>\n<\/p>\n<h1>Patrimoni.gencat<\/h1>\n<div>Web del Departament de Cultura de la Generalitat de Catalunya dedicado a la difusi\u00f3n del patrimonio cultural del pa\u00eds.<\/div>\n<p>\n    <a href=\"https:\/\/patrimoni.gencat.cat\/es\">www.patrimoni.gencat.cat<\/a>\n<\/p>\n<h1>Patrimoni Industrial<\/h1>\n<div>Patrimoni Industrial: Blog del Museu de la Ci\u00e8ncia i la T\u00e8cnica de Catalunya (MNACTEC), dedicado a las novedades relacionadas con el patrimonio industrial de Catalu\u00f1a.<\/div>\n<p>\n    <a href=\"https:\/\/patrimoni-industrial.mnactec.cat\/\">www.patrimoni-industrial.mnactec.cat<\/a>\n<\/p>\n<h1>Plan Nacional de Patrimonio Industrial<\/h1>\n<div>Web del Ministerio de Cultura, Educaci\u00f3n y Deporte en el cual se pueden consultar los objetivos, actuacions y desarrollo del Plan Nacional de Patrimonio Industrial.<\/div>\n<p>\n    <a href=\"http:\/\/www.ipce.mcu.es\/conservacion\/planesnacionales\">www.ipce.mcu.es\/conservacion\/planesnacionales<\/a>\n<\/p>\n<h1>Xarxa de Turisme Industrial de Catalunya (XATIC)<\/h1>\n<div>Web de la XATIC, una asociaci\u00f3n de municipios situados por toda la geograf\u00eda catalana que tienen en com\u00fan un importante y variado legado industrial y que quieren unificar esfuerzos para promover el turismo industrial.<\/div>\n<p>\n    <a href=\"http:\/\/www.xatic.cat\/\">www.xatic.cat<\/a>\n<\/p>\n<h1>Museu al Carrer<\/h1>\n<div>Web del proyecto Museu al Carrer del Museu Nacional de la Ci\u00e8ncia i la T\u00e8cnica de Catalunya para inventariar, georeferenciar, documentar y poner en valor el patrimonio de la sociedad industrial que se conserva en los pueblos y ciudades de Catalu\u00f1a.<\/div>\n<p>\n    <a href=\"https:\/\/museualcarrer.cat\">www.museualcarrer.cat<\/a>\n<\/p>\n<h1>Comit\u00e9 Internacional para la conservaci\u00f3n y defensa del Patrimonio Industrial \u2013 TICCIH Espa\u00f1a<\/h1>\n<div>Web del Comit\u00e9 Internacional para la conservaci\u00f3n y defensa del Patrimonio Industrial \u2013 TICCIH Espa\u00f1a, dedicado a la preservaci\u00f3n, la defensa, la difusi\u00f3n, el estudio del patrimonio y la arqueolog\u00eda industrial.<\/div>\n<p>\n    <a href=\"http:\/\/ticcih.es\/\">ticcih.es<\/a>\n<\/p>\n<h1>Patrimonio Industrial Arquitect\u00f3nico<\/h1>\n<div>Blog de la doctora en Arquitectura Diana S\u00e1nchez Mustieles en el cual se recogen noticias, reivindicaciones, opiniones y pensamientoss sobre patrimonio industrial arquitect\u00f3nico.<\/div>\n<p>\n    <a href=\"http:\/\/patrindustrialquitectonico.blogspot.com.es\/\">patrindustrialquitectonico.blogspot.com.es<\/a>\n<\/p>\n<h1>European Route of Industrial Heritage<\/h1>\n<div>Web de The European Route of Industrial Heritage (ERIH), una red dedicada a la difusi\u00f3n, al conocimiento, la protecci\u00f3n  la promoci\u00f3n del patrimonio industrial en Europa.<\/div>\n<p>\n    <a href=\"http:\/\/www.erih.net\/\">www.erih.net<\/a>\n<\/p>\n<h1>Associaci\u00f3 del Museu de la Ci\u00e8ncia i de la T\u00e8cnica i d\u2019Arqueologia Industrial de Catalunya<\/h1>\n<div>Web de l\u2019Associaci\u00f3 del Museu de la Ci\u00e8ncia i la T\u00e8cnica i d\u2019Arqueologia Industrial de Catalunya, entidad dedicada a la promoci\u00f3n del Museu de la Ci\u00e8ncia i la T\u00e8cnica y la protecci\u00f3n del Patrimonio Industrial y el fomento del estudio de la Arqueolog\u00eda Industrial a Catalunya.<\/div>\n<p>\n    <a href=\"http:\/\/www.amctaic.org\/\">www.amctaic.org<\/a>\n<\/p>\n<h1>Dossier de paisatges industrials (2013) de l\u2019Observatori del Paisatge de Catalunya<\/h1>\n<div>Recoge la principal informaci\u00f3n existente en Internet sobre los paisajes industriales. Incorpora una aplicaci\u00f3n interactiva para descubrir paisajes industriales de Catalu\u00f1a clasificados en cuatro tipolog\u00edas: colonias de r\u00edo, paisajes industriales urbanos, paisajes de la miner\u00eda y paisajes de la energ\u00eda hidroel\u00e9ctrica.<\/div>\n<p>\n    <a href=\"http:\/\/www.catpaisatge.net\/dossiers\/pindustrials\/esp\/index.php\">www.catpaisatge.net\/dossiers\/pindustrials<\/a>\n<\/p>\n<p><!--more--><br \/>\n<!-- {\"type\":\"layout\",\"children\":[{\"type\":\"section\",\"props\":{\"image_position\":\"center-center\",\"padding_remove_bottom\":false,\"style\":\"default\",\"title_breakpoint\":\"xl\",\"title_position\":\"top-left\",\"title_rotation\":\"left\",\"vertical_align\":\"middle\",\"width\":\"large\"},\"children\":[{\"type\":\"row\",\"children\":[{\"type\":\"column\",\"props\":{\"image_position\":\"center-center\",\"position_sticky_breakpoint\":\"m\"},\"children\":[{\"type\":\"headline\",\"props\":{\"content\":\"Enlaces de inter\\u00e9s\",\"title_decoration\":\"line\",\"title_element\":\"h1\",\"title_style\":\"h1\"}}]}]},{\"type\":\"row\",\"props\":{\"css\":\".el-row .uk-link-text{\\n    text-decoration: underline;\\n}\\n\\n.el-row .uk-link-text:hover{\\n    font-weight: 600;\\n    text-decoration: none;\\n}\",\"layout\":\"1-2,1-2\"},\"children\":[{\"type\":\"column\",\"props\":{\"image_position\":\"center-center\",\"position_sticky_breakpoint\":\"m\",\"width_medium\":\"1-2\"},\"children\":[{\"type\":\"headline\",\"props\":{\"content\":\"Museu de la Ci\\u00e8ncia i de la T\\u00e8cnica de Catalunya (mNACTEC)\",\"margin_remove_bottom\":true,\"title_color\":\"primary\",\"title_element\":\"h1\",\"title_style\":\"h4\"}},{\"type\":\"text\",\"props\":{\"column_breakpoint\":\"m\",\"content\":\"Web del Museu de la Ci\\u00e8ncia i la T\\u00e8cnica de Catalunya (MNACTEC). La misi\\u00f3n del museo es la de mostrar permanentemente la implantaci\\u00f3n y la evoluci\\u00f3n de los avances cient\\u00edficos y t\\u00e9cnicos en Catalu\\u00f1a, su aplicaci\\u00f3n industrial y, especialmente, su implicaci\\u00f3n e incidencia social.\",\"margin\":\"small\"}},{\"type\":\"button\",\"props\":{\"grid_column_gap\":\"small\",\"grid_row_gap\":\"small\",\"margin\":\"default\"},\"children\":[{\"type\":\"button_item\",\"props\":{\"button_style\":\"link-text\",\"content\":\"www.mnactec.cat\",\"icon\":\"arrow-right\",\"icon_align\":\"left\",\"link\":\"https:\\\/\\\/mnactec.cat\\\/es\",\"link_target\":\"blank\"}}]},{\"type\":\"headline\",\"props\":{\"content\":\"Patrimoni.gencat\",\"margin_remove_bottom\":true,\"title_color\":\"primary\",\"title_element\":\"h1\",\"title_style\":\"h4\"}},{\"type\":\"text\",\"props\":{\"column_breakpoint\":\"m\",\"content\":\"Web del Departament de Cultura de la Generalitat de Catalunya dedicado a la difusi\\u00f3n del patrimonio cultural del pa\\u00eds.\",\"margin\":\"small\"}},{\"type\":\"button\",\"props\":{\"grid_column_gap\":\"small\",\"grid_row_gap\":\"small\",\"margin\":\"default\"},\"children\":[{\"type\":\"button_item\",\"props\":{\"button_style\":\"link-text\",\"content\":\"www.patrimoni.gencat.cat\",\"icon\":\"arrow-right\",\"icon_align\":\"left\",\"link\":\"https:\\\/\\\/patrimoni.gencat.cat\\\/es\",\"link_target\":\"blank\"}}]},{\"type\":\"headline\",\"props\":{\"content\":\"Patrimoni Industrial\",\"margin_remove_bottom\":true,\"title_color\":\"primary\",\"title_element\":\"h1\",\"title_style\":\"h4\"}},{\"type\":\"text\",\"props\":{\"column_breakpoint\":\"m\",\"content\":\"Patrimoni Industrial: Blog del Museu de la Ci\\u00e8ncia i la T\\u00e8cnica de Catalunya (MNACTEC), dedicado a las novedades relacionadas con el patrimonio industrial de Catalu\\u00f1a.\",\"margin\":\"small\"}},{\"type\":\"button\",\"props\":{\"grid_column_gap\":\"small\",\"grid_row_gap\":\"small\",\"margin\":\"default\"},\"children\":[{\"type\":\"button_item\",\"props\":{\"button_style\":\"link-text\",\"content\":\"www.patrimoni-industrial.mnactec.cat\",\"icon\":\"arrow-right\",\"icon_align\":\"left\",\"link\":\"https:\\\/\\\/patrimoni-industrial.mnactec.cat\\\/\",\"link_target\":\"blank\"}}]},{\"type\":\"headline\",\"props\":{\"content\":\"Plan Nacional de Patrimonio Industrial\",\"margin_remove_bottom\":true,\"title_color\":\"primary\",\"title_element\":\"h1\",\"title_style\":\"h4\"}},{\"type\":\"text\",\"props\":{\"column_breakpoint\":\"m\",\"content\":\"Web del Ministerio de Cultura, Educaci\\u00f3n y Deporte en el cual se pueden consultar los objetivos, actuacions y desarrollo del Plan Nacional de Patrimonio Industrial.\",\"margin\":\"small\"}},{\"type\":\"button\",\"props\":{\"grid_column_gap\":\"small\",\"grid_row_gap\":\"small\",\"margin\":\"default\"},\"children\":[{\"type\":\"button_item\",\"props\":{\"button_style\":\"link-text\",\"content\":\"www.ipce.mcu.es\\\/conservacion\\\/planesnacionales\",\"icon\":\"arrow-right\",\"icon_align\":\"left\",\"link\":\"http:\\\/\\\/www.ipce.mcu.es\\\/conservacion\\\/planesnacionales\",\"link_target\":\"blank\"}}]},{\"type\":\"headline\",\"props\":{\"content\":\"Xarxa de Turisme Industrial de Catalunya (XATIC)\",\"margin_remove_bottom\":true,\"title_color\":\"primary\",\"title_element\":\"h1\",\"title_style\":\"h4\"}},{\"type\":\"text\",\"props\":{\"column_breakpoint\":\"m\",\"content\":\"Web de la XATIC, una asociaci\\u00f3n de municipios situados por toda la geograf\\u00eda catalana que tienen en com\\u00fan un importante y variado legado industrial y que quieren unificar esfuerzos para promover el turismo industrial.\",\"margin\":\"small\"}},{\"type\":\"button\",\"props\":{\"grid_column_gap\":\"small\",\"grid_row_gap\":\"small\",\"margin\":\"default\"},\"children\":[{\"type\":\"button_item\",\"props\":{\"button_style\":\"link-text\",\"content\":\"www.xatic.cat\",\"icon\":\"arrow-right\",\"icon_align\":\"left\",\"link\":\"http:\\\/\\\/www.xatic.cat\\\/\",\"link_target\":\"blank\"}}]},{\"type\":\"headline\",\"props\":{\"content\":\"Museu al Carrer\",\"margin_remove_bottom\":true,\"title_color\":\"primary\",\"title_element\":\"h1\",\"title_style\":\"h4\"}},{\"type\":\"text\",\"props\":{\"column_breakpoint\":\"m\",\"content\":\"Web del proyecto Museu al Carrer del Museu Nacional de la Ci\\u00e8ncia i la T\\u00e8cnica de Catalunya para inventariar, georeferenciar, documentar y poner en valor el patrimonio de la sociedad industrial que se conserva en los pueblos y ciudades de Catalu\\u00f1a.\",\"margin\":\"small\"}},{\"type\":\"button\",\"props\":{\"grid_column_gap\":\"small\",\"grid_row_gap\":\"small\",\"margin\":\"default\"},\"children\":[{\"type\":\"button_item\",\"props\":{\"button_style\":\"link-text\",\"content\":\"www.museualcarrer.cat\",\"icon\":\"arrow-right\",\"icon_align\":\"left\",\"link\":\"https:\\\/\\\/museualcarrer.cat\",\"link_target\":\"blank\"}}]}]},{\"type\":\"column\",\"props\":{\"image_position\":\"center-center\",\"position_sticky_breakpoint\":\"m\",\"width_medium\":\"1-2\"},\"children\":[{\"type\":\"headline\",\"props\":{\"content\":\"Comit\\u00e9 Internacional para la conservaci\\u00f3n y defensa del Patrimonio Industrial \\u2013 TICCIH Espa\\u00f1a\",\"margin_remove_bottom\":true,\"title_color\":\"primary\",\"title_element\":\"h1\",\"title_style\":\"h4\"}},{\"type\":\"text\",\"props\":{\"column_breakpoint\":\"m\",\"content\":\"Web del Comit\\u00e9 Internacional para la conservaci\\u00f3n y defensa del Patrimonio Industrial \\u2013 TICCIH Espa\\u00f1a, dedicado a la preservaci\\u00f3n, la defensa, la difusi\\u00f3n, el estudio del patrimonio y la arqueolog\\u00eda industrial.\",\"margin\":\"small\"}},{\"type\":\"button\",\"props\":{\"grid_column_gap\":\"small\",\"grid_row_gap\":\"small\",\"margin\":\"default\"},\"children\":[{\"type\":\"button_item\",\"props\":{\"button_style\":\"link-text\",\"content\":\"ticcih.es\",\"icon\":\"arrow-right\",\"icon_align\":\"left\",\"link\":\"http:\\\/\\\/ticcih.es\\\/\",\"link_target\":\"blank\"}}]},{\"type\":\"headline\",\"props\":{\"content\":\"Patrimonio Industrial Arquitect\\u00f3nico\",\"margin_remove_bottom\":true,\"title_color\":\"primary\",\"title_element\":\"h1\",\"title_style\":\"h4\"}},{\"type\":\"text\",\"props\":{\"column_breakpoint\":\"m\",\"content\":\"Blog de la doctora en Arquitectura Diana S\\u00e1nchez Mustieles en el cual se recogen noticias, reivindicaciones, opiniones y pensamientoss sobre patrimonio industrial arquitect\\u00f3nico.\",\"margin\":\"small\"}},{\"type\":\"button\",\"props\":{\"grid_column_gap\":\"small\",\"grid_row_gap\":\"small\",\"margin\":\"default\"},\"children\":[{\"type\":\"button_item\",\"props\":{\"button_style\":\"link-text\",\"content\":\"patrindustrialquitectonico.blogspot.com.es\",\"icon\":\"arrow-right\",\"icon_align\":\"left\",\"link\":\"http:\\\/\\\/patrindustrialquitectonico.blogspot.com.es\\\/\",\"link_target\":\"blank\"}}]},{\"type\":\"headline\",\"props\":{\"content\":\"European Route of Industrial Heritage\",\"margin_remove_bottom\":true,\"title_color\":\"primary\",\"title_element\":\"h1\",\"title_style\":\"h4\"}},{\"type\":\"text\",\"props\":{\"column_breakpoint\":\"m\",\"content\":\"Web de The European Route of Industrial Heritage (ERIH), una red dedicada a la difusi\\u00f3n, al conocimiento, la protecci\\u00f3n  la promoci\\u00f3n del patrimonio industrial en Europa.\",\"margin\":\"small\"}},{\"type\":\"button\",\"props\":{\"grid_column_gap\":\"small\",\"grid_row_gap\":\"small\",\"margin\":\"default\"},\"children\":[{\"type\":\"button_item\",\"props\":{\"button_style\":\"link-text\",\"content\":\"www.erih.net\",\"icon\":\"arrow-right\",\"icon_align\":\"left\",\"link\":\"http:\\\/\\\/www.erih.net\\\/\",\"link_target\":\"blank\"}}]},{\"type\":\"headline\",\"props\":{\"content\":\"Associaci\\u00f3 del Museu de la Ci\\u00e8ncia i de la T\\u00e8cnica i d\\u2019Arqueologia Industrial de Catalunya\",\"margin_remove_bottom\":true,\"title_color\":\"primary\",\"title_element\":\"h1\",\"title_style\":\"h4\"}},{\"type\":\"text\",\"props\":{\"column_breakpoint\":\"m\",\"content\":\"Web de l\\u2019Associaci\\u00f3 del Museu de la Ci\\u00e8ncia i la T\\u00e8cnica i d\\u2019Arqueologia Industrial de Catalunya, entidad dedicada a la promoci\\u00f3n del Museu de la Ci\\u00e8ncia i la T\\u00e8cnica y la protecci\\u00f3n del Patrimonio Industrial y el fomento del estudio de la Arqueolog\\u00eda Industrial a Catalunya.\",\"margin\":\"small\"}},{\"type\":\"button\",\"props\":{\"grid_column_gap\":\"small\",\"grid_row_gap\":\"small\",\"margin\":\"default\"},\"children\":[{\"type\":\"button_item\",\"props\":{\"button_style\":\"link-text\",\"content\":\"www.amctaic.org\",\"icon\":\"arrow-right\",\"icon_align\":\"left\",\"link\":\"http:\\\/\\\/www.amctaic.org\\\/\",\"link_target\":\"blank\"}}]},{\"type\":\"headline\",\"props\":{\"content\":\"Dossier de paisatges industrials (2013) de l\\u2019Observatori del Paisatge de Catalunya\",\"margin_remove_bottom\":true,\"title_color\":\"primary\",\"title_element\":\"h1\",\"title_style\":\"h4\"}},{\"type\":\"text\",\"props\":{\"column_breakpoint\":\"m\",\"content\":\"Recoge la principal informaci\\u00f3n existente en Internet sobre los paisajes industriales. Incorpora una aplicaci\\u00f3n interactiva para descubrir paisajes industriales de Catalu\\u00f1a clasificados en cuatro tipolog\\u00edas: colonias de r\\u00edo, paisajes industriales urbanos, paisajes de la miner\\u00eda y paisajes de la energ\\u00eda hidroel\\u00e9ctrica.\",\"margin\":\"small\"}},{\"type\":\"button\",\"props\":{\"grid_column_gap\":\"small\",\"grid_row_gap\":\"small\",\"margin\":\"default\"},\"children\":[{\"type\":\"button_item\",\"props\":{\"button_style\":\"link-text\",\"content\":\"www.catpaisatge.net\\\/dossiers\\\/pindustrials\",\"icon\":\"arrow-right\",\"icon_align\":\"left\",\"link\":\"http:\\\/\\\/www.catpaisatge.net\\\/dossiers\\\/pindustrials\\\/esp\\\/index.php\",\"link_target\":\"blank\"}}]}]}]}]}],\"version\":\"4.0.11\",\"yooessentialsVersion\":\"2.0.14\"} --><\/p>\n","protected":false},"excerpt":{"rendered":"<p>Enlaces de inter\u00e9s Museu de la Ci\u00e8ncia i de la T\u00e8cnica de Catalunya (mNACTEC) Web del Museu de la Ci\u00e8ncia i la T\u00e8cnica de Catalunya (MNACTEC). La misi\u00f3n del museo es la de mostrar permanentemente la implantaci\u00f3n y la evoluci\u00f3n de los avances cient\u00edficos y t\u00e9cnicos en Catalu\u00f1a, su aplicaci\u00f3n industrial y, especialmente, su implicaci\u00f3n [&hellip;]<\/p>\n","protected":false},"author":1,"featured_media":0,"parent":0,"menu_order":0,"comment_status":"closed","ping_status":"closed","template":"","meta":{"footnotes":""},"class_list":["post-1700","page","type-page","status-publish","hentry"],"acf":[],"yoast_head":"<!-- This site is optimized with the Yoast SEO plugin v21.3 - https:\/\/yoast.com\/wordpress\/plugins\/seo\/ -->\n<title>Enlaces de inter\u00e9s - MNACTEC<\/title>\n<meta name=\"robots\" content=\"index, follow, max-snippet:-1, max-image-preview:large, max-video-preview:-1\" \/>\n<link rel=\"canonical\" href=\"https:\/\/150elements.mnactec.cat\/es\/enlaces-de-interes\/\" \/>\n<meta property=\"og:locale\" content=\"es_ES\" \/>\n<meta property=\"og:type\" content=\"article\" \/>\n<meta property=\"og:title\" content=\"Enlaces de inter\u00e9s - MNACTEC\" \/>\n<meta property=\"og:description\" content=\"Enlaces de inter\u00e9s Museu de la Ci\u00e8ncia i de la T\u00e8cnica de Catalunya (mNACTEC) Web del Museu de la Ci\u00e8ncia i la T\u00e8cnica de Catalunya (MNACTEC). La misi\u00f3n del museo es la de mostrar permanentemente la implantaci\u00f3n y la evoluci\u00f3n de los avances cient\u00edficos y t\u00e9cnicos en Catalu\u00f1a, su aplicaci\u00f3n industrial y, especialmente, su implicaci\u00f3n [&hellip;]\" \/>\n<meta property=\"og:url\" content=\"https:\/\/150elements.mnactec.cat\/es\/enlaces-de-interes\/\" \/>\n<meta property=\"og:site_name\" content=\"MNACTEC\" \/>\n<meta property=\"article:publisher\" content=\"https:\/\/www.facebook.com\/mnactec\" \/>\n<meta property=\"article:modified_time\" content=\"2023-09-12T07:38:10+00:00\" \/>\n<meta name=\"twitter:card\" content=\"summary_large_image\" \/>\n<meta name=\"twitter:site\" content=\"@mnactec\" \/>\n<meta name=\"twitter:label1\" content=\"Tiempo de lectura\" \/>\n\t<meta name=\"twitter:data1\" content=\"3 minutos\" \/>\n<script type=\"application\/ld+json\" class=\"yoast-schema-graph\">{\"@context\":\"https:\/\/schema.org\",\"@graph\":[{\"@type\":\"WebPage\",\"@id\":\"https:\/\/150elements.mnactec.cat\/es\/enlaces-de-interes\/\",\"url\":\"https:\/\/150elements.mnactec.cat\/es\/enlaces-de-interes\/\",\"name\":\"Enlaces de inter\u00e9s - MNACTEC\",\"isPartOf\":{\"@id\":\"https:\/\/150elements.mnactec.cat\/es\/#website\"},\"datePublished\":\"2023-05-26T14:49:24+00:00\",\"dateModified\":\"2023-09-12T07:38:10+00:00\",\"breadcrumb\":{\"@id\":\"https:\/\/150elements.mnactec.cat\/es\/enlaces-de-interes\/#breadcrumb\"},\"inLanguage\":\"es\",\"potentialAction\":[{\"@type\":\"ReadAction\",\"target\":[\"https:\/\/150elements.mnactec.cat\/es\/enlaces-de-interes\/\"]}]},{\"@type\":\"BreadcrumbList\",\"@id\":\"https:\/\/150elements.mnactec.cat\/es\/enlaces-de-interes\/#breadcrumb\",\"itemListElement\":[{\"@type\":\"ListItem\",\"position\":1,\"name\":\"Inicio\",\"item\":\"https:\/\/150elements.mnactec.cat\/es\/\"},{\"@type\":\"ListItem\",\"position\":2,\"name\":\"Enlaces de inter\u00e9s\"}]},{\"@type\":\"WebSite\",\"@id\":\"https:\/\/150elements.mnactec.cat\/es\/#website\",\"url\":\"https:\/\/150elements.mnactec.cat\/es\/\",\"name\":\"MNACTEC - Mapa del patrimoni industrial de Catalunya\",\"description\":\"Mapa del patrimoni industrial de Catalunya. 150 elements imprescindibles\",\"publisher\":{\"@id\":\"https:\/\/150elements.mnactec.cat\/es\/#organization\"},\"alternateName\":\"MNACTEC - 150 elements\",\"potentialAction\":[{\"@type\":\"SearchAction\",\"target\":{\"@type\":\"EntryPoint\",\"urlTemplate\":\"https:\/\/150elements.mnactec.cat\/es\/?s={search_term_string}\"},\"query-input\":\"required name=search_term_string\"}],\"inLanguage\":\"es\"},{\"@type\":\"Organization\",\"@id\":\"https:\/\/150elements.mnactec.cat\/es\/#organization\",\"name\":\"MNACTEC\",\"alternateName\":\"MNACTEC\",\"url\":\"https:\/\/150elements.mnactec.cat\/es\/\",\"logo\":{\"@type\":\"ImageObject\",\"inLanguage\":\"es\",\"@id\":\"https:\/\/150elements.mnactec.cat\/es\/#\/schema\/logo\/image\/\",\"url\":\"https:\/\/150elements.mnactec.cat\/wp-content\/uploads\/2023\/05\/logo_mnactec.svg\",\"contentUrl\":\"https:\/\/150elements.mnactec.cat\/wp-content\/uploads\/2023\/05\/logo_mnactec.svg\",\"width\":1,\"height\":1,\"caption\":\"MNACTEC\"},\"image\":{\"@id\":\"https:\/\/150elements.mnactec.cat\/es\/#\/schema\/logo\/image\/\"},\"sameAs\":[\"https:\/\/www.facebook.com\/mnactec\",\"https:\/\/twitter.com\/mnactec\",\"https:\/\/www.instagram.com\/mnactec\/\",\"https:\/\/www.youtube.com\/user\/mnactec\"]}]}<\/script>\n<!-- \/ Yoast SEO plugin. -->","yoast_head_json":{"title":"Enlaces de inter\u00e9s - MNACTEC","robots":{"index":"index","follow":"follow","max-snippet":"max-snippet:-1","max-image-preview":"max-image-preview:large","max-video-preview":"max-video-preview:-1"},"canonical":"https:\/\/150elements.mnactec.cat\/es\/enlaces-de-interes\/","og_locale":"es_ES","og_type":"article","og_title":"Enlaces de inter\u00e9s - MNACTEC","og_description":"Enlaces de inter\u00e9s Museu de la Ci\u00e8ncia i de la T\u00e8cnica de Catalunya (mNACTEC) Web del Museu de la Ci\u00e8ncia i la T\u00e8cnica de Catalunya (MNACTEC). La misi\u00f3n del museo es la de mostrar permanentemente la implantaci\u00f3n y la evoluci\u00f3n de los avances cient\u00edficos y t\u00e9cnicos en Catalu\u00f1a, su aplicaci\u00f3n industrial y, especialmente, su implicaci\u00f3n [&hellip;]","og_url":"https:\/\/150elements.mnactec.cat\/es\/enlaces-de-interes\/","og_site_name":"MNACTEC","article_publisher":"https:\/\/www.facebook.com\/mnactec","article_modified_time":"2023-09-12T07:38:10+00:00","twitter_card":"summary_large_image","twitter_site":"@mnactec","twitter_misc":{"Tiempo de lectura":"3 minutos"},"schema":{"@context":"https:\/\/schema.org","@graph":[{"@type":"WebPage","@id":"https:\/\/150elements.mnactec.cat\/es\/enlaces-de-interes\/","url":"https:\/\/150elements.mnactec.cat\/es\/enlaces-de-interes\/","name":"Enlaces de inter\u00e9s - MNACTEC","isPartOf":{"@id":"https:\/\/150elements.mnactec.cat\/es\/#website"},"datePublished":"2023-05-26T14:49:24+00:00","dateModified":"2023-09-12T07:38:10+00:00","breadcrumb":{"@id":"https:\/\/150elements.mnactec.cat\/es\/enlaces-de-interes\/#breadcrumb"},"inLanguage":"es","potentialAction":[{"@type":"ReadAction","target":["https:\/\/150elements.mnactec.cat\/es\/enlaces-de-interes\/"]}]},{"@type":"BreadcrumbList","@id":"https:\/\/150elements.mnactec.cat\/es\/enlaces-de-interes\/#breadcrumb","itemListElement":[{"@type":"ListItem","position":1,"name":"Inicio","item":"https:\/\/150elements.mnactec.cat\/es\/"},{"@type":"ListItem","position":2,"name":"Enlaces de inter\u00e9s"}]},{"@type":"WebSite","@id":"https:\/\/150elements.mnactec.cat\/es\/#website","url":"https:\/\/150elements.mnactec.cat\/es\/","name":"MNACTEC - Mapa del patrimoni industrial de Catalunya","description":"Mapa del patrimoni industrial de Catalunya. 150 elements imprescindibles","publisher":{"@id":"https:\/\/150elements.mnactec.cat\/es\/#organization"},"alternateName":"MNACTEC - 150 elements","potentialAction":[{"@type":"SearchAction","target":{"@type":"EntryPoint","urlTemplate":"https:\/\/150elements.mnactec.cat\/es\/?s={search_term_string}"},"query-input":"required name=search_term_string"}],"inLanguage":"es"},{"@type":"Organization","@id":"https:\/\/150elements.mnactec.cat\/es\/#organization","name":"MNACTEC","alternateName":"MNACTEC","url":"https:\/\/150elements.mnactec.cat\/es\/","logo":{"@type":"ImageObject","inLanguage":"es","@id":"https:\/\/150elements.mnactec.cat\/es\/#\/schema\/logo\/image\/","url":"https:\/\/150elements.mnactec.cat\/wp-content\/uploads\/2023\/05\/logo_mnactec.svg","contentUrl":"https:\/\/150elements.mnactec.cat\/wp-content\/uploads\/2023\/05\/logo_mnactec.svg","width":1,"height":1,"caption":"MNACTEC"},"image":{"@id":"https:\/\/150elements.mnactec.cat\/es\/#\/schema\/logo\/image\/"},"sameAs":["https:\/\/www.facebook.com\/mnactec","https:\/\/twitter.com\/mnactec","https:\/\/www.instagram.com\/mnactec\/","https:\/\/www.youtube.com\/user\/mnactec"]}]}},"_links":{"self":[{"href":"https:\/\/150elements.mnactec.cat\/es\/wp-json\/wp\/v2\/pages\/1700","targetHints":{"allow":["GET"]}}],"collection":[{"href":"https:\/\/150elements.mnactec.cat\/es\/wp-json\/wp\/v2\/pages"}],"about":[{"href":"https:\/\/150elements.mnactec.cat\/es\/wp-json\/wp\/v2\/types\/page"}],"author":[{"embeddable":true,"href":"https:\/\/150elements.mnactec.cat\/es\/wp-json\/wp\/v2\/users\/1"}],"replies":[{"embeddable":true,"href":"https:\/\/150elements.mnactec.cat\/es\/wp-json\/wp\/v2\/comments?post=1700"}],"version-history":[{"count":3,"href":"https:\/\/150elements.mnactec.cat\/es\/wp-json\/wp\/v2\/pages\/1700\/revisions"}],"predecessor-version":[{"id":4460,"href":"https:\/\/150elements.mnactec.cat\/es\/wp-json\/wp\/v2\/pages\/1700\/revisions\/4460"}],"wp:attachment":[{"href":"https:\/\/150elements.mnactec.cat\/es\/wp-json\/wp\/v2\/media?parent=1700"}],"curies":[{"name":"wp","href":"https:\/\/api.w.org\/{rel}","templated":true}]}}